{"id":25264,"date":"2025-07-02T15:53:09","date_gmt":"2025-07-02T15:53:09","guid":{"rendered":"https:\/\/bagsplaza.com\/?page_id=25264"},"modified":"2026-03-30T09:56:35","modified_gmt":"2026-03-30T09:56:35","slug":"home-22","status":"publish","type":"page","link":"https:\/\/bagsplaza.com\/de_de\/","title":{"rendered":"Heim"},"content":{"rendered":"","protected":false},"excerpt":{"rendered":"","protected":false},"author":1,"featured_media":0,"parent":0,"menu_order":0,"comment_status":"closed","ping_status":"closed","template":"template-home22.php","meta":{"_acf_changed":false,"site-sidebar-layout":"no-sidebar","site-content-layout":"","ast-site-content-layout":"full-width-container","site-content-style":"default","site-sidebar-style":"default","ast-global-header-display":"","ast-banner-title-visibility":"","ast-main-header-display":"","ast-hfb-above-header-display":"","ast-hfb-below-header-display":"","ast-hfb-mobile-header-display":"","site-post-title":"disabled","ast-breadcrumbs-content":"disabled","ast-featured-img":"disabled","footer-sml-layout":"","ast-disable-related-posts":"","theme-transparent-header-meta":"default","adv-header-id-meta":"","stick-header-meta":"default","header-above-stick-meta":"","header-main-stick-meta":"","header-below-stick-meta":"","astra-migrate-meta-layouts":"set","ast-page-background-enabled":"default","ast-page-background-meta":{"desktop":{"background-color":"","background-image":"","background-repeat":"repeat","background-position":"center center","background-size":"auto","background-attachment":"scroll","background-type":"","background-media":"","overlay-type":"","overlay-color":"","overlay-opacity":"","overlay-gradient":""},"tablet":{"background-color":"","background-image":"","background-repeat":"repeat","background-position":"center center","background-size":"auto","background-attachment":"scroll","background-type":"","background-media":"","overlay-type":"","overlay-color":"","overlay-opacity":"","overlay-gradient":""},"mobile":{"background-color":"","background-image":"","background-repeat":"repeat","background-position":"center center","background-size":"auto","background-attachment":"scroll","background-type":"","background-media":"","overlay-type":"","overlay-color":"","overlay-opacity":"","overlay-gradient":""}},"ast-content-background-meta":{"desktop":{"background-color":"var(--ast-global-color-5)","background-image":"","background-repeat":"repeat","background-position":"center center","background-size":"auto","background-attachment":"scroll","background-type":"","background-media":"","overlay-type":"","overlay-color":"","overlay-opacity":"","overlay-gradient":""},"tablet":{"background-color":"var(--ast-global-color-5)","background-image":"","background-repeat":"repeat","background-position":"center center","background-size":"auto","background-attachment":"scroll","background-type":"","background-media":"","overlay-type":"","overlay-color":"","overlay-opacity":"","overlay-gradient":""},"mobile":{"background-color":"var(--ast-global-color-5)","background-image":"","background-repeat":"repeat","background-position":"center center","background-size":"auto","background-attachment":"scroll","background-type":"","background-media":"","overlay-type":"","overlay-color":"","overlay-opacity":"","overlay-gradient":""}},"footnotes":""},"class_list":["post-25264","page","type-page","status-publish","hentry"],"acf":[],"yoast_head":"<!-- This site is optimized with the Yoast SEO plugin v27.3 - https:\/\/yoast.com\/product\/yoast-seo-wordpress\/ -->\n<title>OEM Leather Goods Manufacturer | Custom Leather Bags &amp; Accessories | Mherder<\/title>\n<meta name=\"description\" content=\"Mherder is a Guangzhou-based OEM\/ODM leather goods manufacturer with 18+ years of experience. We specialize in custom leather bags, wallets, and accessories for brands and wholesalers.\" \/>\n<meta name=\"robots\" content=\"index, follow, max-snippet:-1, max-image-preview:large, max-video-preview:-1\" \/>\n<link rel=\"canonical\" href=\"https:\/\/bagsplaza.com\/de_de\/\" \/>\n<meta property=\"og:locale\" content=\"de_DE\" \/>\n<meta property=\"og:type\" content=\"article\" \/>\n<meta property=\"og:title\" content=\"OEM Leather Goods Manufacturer | Custom Leather Bags &amp; Accessories | Mherder\" \/>\n<meta property=\"og:description\" content=\"Mherder is a Guangzhou-based OEM\/ODM leather goods manufacturer with 18+ years of experience. We specialize in custom leather bags, wallets, and accessories for brands and wholesalers.\" \/>\n<meta property=\"og:url\" content=\"https:\/\/bagsplaza.com\/de_de\/\" \/>\n<meta property=\"og:site_name\" content=\"Bagsplaza\" \/>\n<meta property=\"article:modified_time\" content=\"2026-03-30T09:56:35+00:00\" \/>\n<meta name=\"twitter:card\" content=\"summary_large_image\" \/>\n<script type=\"application\/ld+json\" class=\"yoast-schema-graph\">{\"@context\":\"https:\\\/\\\/schema.org\",\"@graph\":[{\"@type\":\"WebPage\",\"@id\":\"https:\\\/\\\/bagsplaza.com\\\/\",\"url\":\"https:\\\/\\\/bagsplaza.com\\\/\",\"name\":\"OEM Leather Goods Manufacturer | Custom Leather Bags & Accessories | Mherder\",\"isPartOf\":{\"@id\":\"https:\\\/\\\/bagsplaza.com\\\/#website\"},\"datePublished\":\"2025-07-02T15:53:09+00:00\",\"dateModified\":\"2026-03-30T09:56:35+00:00\",\"description\":\"Mherder is a Guangzhou-based OEM\\\/ODM leather goods manufacturer with 18+ years of experience. We specialize in custom leather bags, wallets, and accessories for brands and wholesalers.\",\"breadcrumb\":{\"@id\":\"https:\\\/\\\/bagsplaza.com\\\/#breadcrumb\"},\"inLanguage\":\"de\",\"potentialAction\":[{\"@type\":\"ReadAction\",\"target\":[\"https:\\\/\\\/bagsplaza.com\\\/\"]}]},{\"@type\":\"BreadcrumbList\",\"@id\":\"https:\\\/\\\/bagsplaza.com\\\/#breadcrumb\",\"itemListElement\":[{\"@type\":\"ListItem\",\"position\":1,\"name\":\"Home\",\"item\":\"https:\\\/\\\/bagsplaza.com\\\/\"},{\"@type\":\"ListItem\",\"position\":2,\"name\":\"Home\"}]},{\"@type\":\"WebSite\",\"@id\":\"https:\\\/\\\/bagsplaza.com\\\/#website\",\"url\":\"https:\\\/\\\/bagsplaza.com\\\/\",\"name\":\"Bagsplaza\",\"description\":\"\",\"publisher\":{\"@id\":\"https:\\\/\\\/bagsplaza.com\\\/#organization\"},\"potentialAction\":[{\"@type\":\"SearchAction\",\"target\":{\"@type\":\"EntryPoint\",\"urlTemplate\":\"https:\\\/\\\/bagsplaza.com\\\/?s={search_term_string}\"},\"query-input\":{\"@type\":\"PropertyValueSpecification\",\"valueRequired\":true,\"valueName\":\"search_term_string\"}}],\"inLanguage\":\"de\"},{\"@type\":\"Organization\",\"@id\":\"https:\\\/\\\/bagsplaza.com\\\/#organization\",\"name\":\"Bagsplaza\",\"url\":\"https:\\\/\\\/bagsplaza.com\\\/\",\"logo\":{\"@type\":\"ImageObject\",\"inLanguage\":\"de\",\"@id\":\"https:\\\/\\\/bagsplaza.com\\\/#\\\/schema\\\/logo\\\/image\\\/\",\"url\":\"https:\\\/\\\/bagsplaza.com\\\/wp-content\\\/uploads\\\/2026\\\/03\\\/cropped-logo-2026.png\",\"contentUrl\":\"https:\\\/\\\/bagsplaza.com\\\/wp-content\\\/uploads\\\/2026\\\/03\\\/cropped-logo-2026.png\",\"width\":180,\"height\":60,\"caption\":\"Bagsplaza\"},\"image\":{\"@id\":\"https:\\\/\\\/bagsplaza.com\\\/#\\\/schema\\\/logo\\\/image\\\/\"}}]}<\/script>\n<!-- \/ Yoast SEO plugin. -->","yoast_head_json":{"title":"OEM-Hersteller von Lederwaren | Ma\u00dfgefertigte Ledertaschen &amp; Accessoires | Mherder","description":"Mherder ist ein in Guangzhou ans\u00e4ssiger OEM\/ODM-Hersteller von Lederwaren mit \u00fcber 18 Jahren Erfahrung. Wir sind spezialisiert auf die individuelle Anfertigung von Ledertaschen, Geldb\u00f6rsen und Accessoires f\u00fcr Marken und Gro\u00dfh\u00e4ndler.","robots":{"index":"index","follow":"follow","max-snippet":"max-snippet:-1","max-image-preview":"max-image-preview:large","max-video-preview":"max-video-preview:-1"},"canonical":"https:\/\/bagsplaza.com\/de_de\/","og_locale":"de_DE","og_type":"article","og_title":"OEM Leather Goods Manufacturer | Custom Leather Bags & Accessories | Mherder","og_description":"Mherder is a Guangzhou-based OEM\/ODM leather goods manufacturer with 18+ years of experience. We specialize in custom leather bags, wallets, and accessories for brands and wholesalers.","og_url":"https:\/\/bagsplaza.com\/de_de\/","og_site_name":"Bagsplaza","article_modified_time":"2026-03-30T09:56:35+00:00","twitter_card":"summary_large_image","schema":{"@context":"https:\/\/schema.org","@graph":[{"@type":"WebPage","@id":"https:\/\/bagsplaza.com\/","url":"https:\/\/bagsplaza.com\/","name":"OEM-Hersteller von Lederwaren | Ma\u00dfgefertigte Ledertaschen &amp; Accessoires | Mherder","isPartOf":{"@id":"https:\/\/bagsplaza.com\/#website"},"datePublished":"2025-07-02T15:53:09+00:00","dateModified":"2026-03-30T09:56:35+00:00","description":"Mherder ist ein in Guangzhou ans\u00e4ssiger OEM\/ODM-Hersteller von Lederwaren mit \u00fcber 18 Jahren Erfahrung. Wir sind spezialisiert auf die individuelle Anfertigung von Ledertaschen, Geldb\u00f6rsen und Accessoires f\u00fcr Marken und Gro\u00dfh\u00e4ndler.","breadcrumb":{"@id":"https:\/\/bagsplaza.com\/#breadcrumb"},"inLanguage":"de","potentialAction":[{"@type":"ReadAction","target":["https:\/\/bagsplaza.com\/"]}]},{"@type":"BreadcrumbList","@id":"https:\/\/bagsplaza.com\/#breadcrumb","itemListElement":[{"@type":"ListItem","position":1,"name":"Home","item":"https:\/\/bagsplaza.com\/"},{"@type":"ListItem","position":2,"name":"Home"}]},{"@type":"WebSite","@id":"https:\/\/bagsplaza.com\/#website","url":"https:\/\/bagsplaza.com\/","name":"Taschenplaza","description":"","publisher":{"@id":"https:\/\/bagsplaza.com\/#organization"},"potentialAction":[{"@type":"SearchAction","target":{"@type":"EntryPoint","urlTemplate":"https:\/\/bagsplaza.com\/?s={search_term_string}"},"query-input":{"@type":"PropertyValueSpecification","valueRequired":true,"valueName":"search_term_string"}}],"inLanguage":"de"},{"@type":"Organization","@id":"https:\/\/bagsplaza.com\/#organization","name":"Taschenplaza","url":"https:\/\/bagsplaza.com\/","logo":{"@type":"ImageObject","inLanguage":"de","@id":"https:\/\/bagsplaza.com\/#\/schema\/logo\/image\/","url":"https:\/\/bagsplaza.com\/wp-content\/uploads\/2026\/03\/cropped-logo-2026.png","contentUrl":"https:\/\/bagsplaza.com\/wp-content\/uploads\/2026\/03\/cropped-logo-2026.png","width":180,"height":60,"caption":"Bagsplaza"},"image":{"@id":"https:\/\/bagsplaza.com\/#\/schema\/logo\/image\/"}}]}},"_links":{"self":[{"href":"https:\/\/bagsplaza.com\/de_de\/wp-json\/wp\/v2\/pages\/25264","targetHints":{"allow":["GET"]}}],"collection":[{"href":"https:\/\/bagsplaza.com\/de_de\/wp-json\/wp\/v2\/pages"}],"about":[{"href":"https:\/\/bagsplaza.com\/de_de\/wp-json\/wp\/v2\/types\/page"}],"author":[{"embeddable":true,"href":"https:\/\/bagsplaza.com\/de_de\/wp-json\/wp\/v2\/users\/1"}],"replies":[{"embeddable":true,"href":"https:\/\/bagsplaza.com\/de_de\/wp-json\/wp\/v2\/comments?post=25264"}],"version-history":[{"count":47,"href":"https:\/\/bagsplaza.com\/de_de\/wp-json\/wp\/v2\/pages\/25264\/revisions"}],"predecessor-version":[{"id":33003,"href":"https:\/\/bagsplaza.com\/de_de\/wp-json\/wp\/v2\/pages\/25264\/revisions\/33003"}],"wp:attachment":[{"href":"https:\/\/bagsplaza.com\/de_de\/wp-json\/wp\/v2\/media?parent=25264"}],"curies":[{"name":"wp","href":"https:\/\/api.w.org\/{rel}","templated":true}]}}